{"id":635,"date":"2018-03-01T15:25:57","date_gmt":"2018-03-01T14:25:57","guid":{"rendered":"https:\/\/www.sofiesweger.com\/?page_id=635"},"modified":"2018-12-11T11:02:03","modified_gmt":"2018-12-11T10:02:03","slug":"medlem","status":"publish","type":"page","link":"https:\/\/www.sofiesweger.com\/?page_id=635","title":{"rendered":"Medlem"},"content":{"rendered":"<p><strong>Bli medlem i\u00a0<\/strong><em><strong>V\u00e4xthuset<\/strong>\u00a0<\/em><strong>\u00a0<\/strong>och<strong>\u00a0<\/strong>f\u00e5 rabatt p\u00e5 utvalda produkter ur\u00a0<em>V\u00e4xthusets<\/em>\u00a0sortiment samt till olika evenemang som h\u00e5lls\u00a0under \u00e5ret.\u00a0<strong>\u00a0<\/strong>Tecknar du ett nytt medlemskap f\u00e5r du en\u00a0 v\u00e4lkomstg\u00e5va anpassad efter s\u00e4song!<\/p>\n<p><strong>Medlemskapet kostar 80:-<\/strong><strong>\u00a0\/\u00e5r\u00a0<\/strong>och<strong>\u00a0<\/strong>st\u00f6djer utvecklingen av\u00a0<em>V\u00e4xthusets<\/em>\u00a0sm\u00e5skaliga, holistiska verksamhet och ger dig f\u00f6rtur till ink\u00f6p av h\u00f6gklassiga terapeutiska produkter framtagna i begr\u00e4nsat antal och till olika fr\u00f6s\u00e5dda v\u00e4xter d\u00e4r tonvikt ligger p\u00e5 l\u00e4kev\u00e4xter och lite ovanliga sorter av tomater, chili och annat som pockar p\u00e5.<\/p>\n<p><strong>Teckna medlemskap<\/strong> genom att skicka ett mail med ditt namn och adress till:\u00a0<a href=\"mailto:vaxthuset@sofiesweger.com\">vaxthuset@sofiesweger.com<\/a><\/p>\n<p>&nbsp;<\/p>\n<p><a href=\"https:\/\/www.sofiesweger.com\/wp-content\/uploads\/2018\/12\/Present_tips.jpeg\"><img loading=\"lazy\" class=\"alignleft size-large wp-image-742\" src=\"https:\/\/www.sofiesweger.com\/wp-content\/uploads\/2018\/12\/Present_tips-1024x768.jpeg\" alt=\"\" width=\"525\" height=\"394\" srcset=\"https:\/\/www.sofiesweger.com\/wp-content\/uploads\/2018\/12\/Present_tips-1024x768.jpeg 1024w, https:\/\/www.sofiesweger.com\/wp-content\/uploads\/2018\/12\/Present_tips-350x263.jpeg 350w, https:\/\/www.sofiesweger.com\/wp-content\/uploads\/2018\/12\/Present_tips-300x225.jpeg 300w, https:\/\/www.sofiesweger.com\/wp-content\/uploads\/2018\/12\/Present_tips-768x576.jpeg 768w, https:\/\/www.sofiesweger.com\/wp-content\/uploads\/2018\/12\/Present_tips.jpeg 1632w\" sizes=\"(max-width: 525px) 100vw, 525px\" \/><\/a><\/p>\n","protected":false},"excerpt":{"rendered":"<p>Bli medlem i\u00a0V\u00e4xthuset\u00a0\u00a0och\u00a0f\u00e5 rabatt p\u00e5 utvalda produkter ur\u00a0V\u00e4xthusets\u00a0sortiment samt till olika evenemang som h\u00e5lls\u00a0under \u00e5ret.\u00a0\u00a0Tecknar du ett nytt medlemskap f\u00e5r du en\u00a0 v\u00e4lkomstg\u00e5va anpassad efter s\u00e4song! Medlemskapet kostar 80:-\u00a0\/\u00e5r\u00a0och\u00a0st\u00f6djer utvecklingen av\u00a0V\u00e4xthusets\u00a0sm\u00e5skaliga, holistiska verksamhet och ger dig f\u00f6rtur till ink\u00f6p av h\u00f6gklassiga terapeutiska produkter framtagna i begr\u00e4nsat antal och till olika fr\u00f6s\u00e5dda v\u00e4xter d\u00e4r tonvikt ligger &hellip; <\/p>\n<p class=\"link-more\"><a href=\"https:\/\/www.sofiesweger.com\/?page_id=635\" class=\"more-link\">Continue reading<span class=\"screen-reader-text\"> &#8220;Medlem&#8221;<\/span><\/a><\/p>\n","protected":false},"author":1,"featured_media":0,"parent":0,"menu_order":0,"comment_status":"closed","ping_status":"closed","template":"","meta":[],"_links":{"self":[{"href":"https:\/\/www.sofiesweger.com\/index.php?rest_route=\/wp\/v2\/pages\/635"}],"collection":[{"href":"https:\/\/www.sofiesweger.com\/index.php?rest_route=\/wp\/v2\/pages"}],"about":[{"href":"https:\/\/www.sofiesweger.com\/index.php?rest_route=\/wp\/v2\/types\/page"}],"author":[{"embeddable":true,"href":"https:\/\/www.sofiesweger.com\/index.php?rest_route=\/wp\/v2\/users\/1"}],"replies":[{"embeddable":true,"href":"https:\/\/www.sofiesweger.com\/index.php?rest_route=%2Fwp%2Fv2%2Fcomments&post=635"}],"version-history":[{"count":0,"href":"https:\/\/www.sofiesweger.com\/index.php?rest_route=\/wp\/v2\/pages\/635\/revisions"}],"wp:attachment":[{"href":"https:\/\/www.sofiesweger.com\/index.php?rest_route=%2Fwp%2Fv2%2Fmedia&parent=635"}],"curies":[{"name":"wp","href":"https:\/\/api.w.org\/{rel}","templated":true}]}}