{"id":634,"date":"2018-03-01T15:25:57","date_gmt":"2018-03-01T14:25:57","guid":{"rendered":"https:\/\/www.sofiesweger.com\/?page_id=634"},"modified":"2026-02-13T13:24:03","modified_gmt":"2026-02-13T12:24:03","slug":"nyhetsbrev","status":"publish","type":"page","link":"https:\/\/www.sofiesweger.com\/?page_id=634","title":{"rendered":"Nyhetsbrev"},"content":{"rendered":"<p><a href=\"https:\/\/www.sofiesweger.com\/wp-content\/uploads\/2026\/02\/4F9F503E-3A11-49EF-A26C-F4DAF64CA417_1_105_c.jpeg\"><img loading=\"lazy\" class=\"alignleft size-full wp-image-977\" src=\"https:\/\/www.sofiesweger.com\/wp-content\/uploads\/2026\/02\/4F9F503E-3A11-49EF-A26C-F4DAF64CA417_1_105_c.jpeg\" alt=\"\" width=\"935\" height=\"841\" srcset=\"https:\/\/www.sofiesweger.com\/wp-content\/uploads\/2026\/02\/4F9F503E-3A11-49EF-A26C-F4DAF64CA417_1_105_c.jpeg 935w, https:\/\/www.sofiesweger.com\/wp-content\/uploads\/2026\/02\/4F9F503E-3A11-49EF-A26C-F4DAF64CA417_1_105_c-300x270.jpeg 300w, https:\/\/www.sofiesweger.com\/wp-content\/uploads\/2026\/02\/4F9F503E-3A11-49EF-A26C-F4DAF64CA417_1_105_c-768x691.jpeg 768w, https:\/\/www.sofiesweger.com\/wp-content\/uploads\/2026\/02\/4F9F503E-3A11-49EF-A26C-F4DAF64CA417_1_105_c-350x315.jpeg 350w\" sizes=\"(max-width: 706px) 89vw, (max-width: 767px) 82vw, 740px\" \/><\/a><\/p>\n<p>&nbsp;<\/p>\n<p>H\u00e4r skickar jag ut information om evenemang, nya botaniska produkter, v\u00e4xter i plantskolan och mycket annat!<\/p>\n<div id=\"mc_embed_signup\">\n<form id=\"mc-embedded-subscribe-form\" class=\"validate\" action=\"https:\/\/facebook.us17.list-manage.com\/subscribe\/post?u=b48dfeecce829811b780c5d28&amp;id=0abd67fc06\" method=\"post\" name=\"mc-embedded-subscribe-form\" novalidate=\"\" target=\"_blank\">\n<div id=\"mc_embed_signup_scroll\"><label for=\"mce-EMAIL\">Prenumerera p\u00e5 Nyhetsbrev<\/label><br \/>\n<input id=\"mce-EMAIL\" class=\"email\" name=\"EMAIL\" required=\"\" type=\"email\" value=\"\" placeholder=\"email address\" \/><br \/>\n<!-- real people should not fill this in and expect good things - do not remove this or risk form bot signups--><\/p>\n<div style=\"position: absolute; left: -5000px;\" aria-hidden=\"true\"><input tabindex=\"-1\" name=\"b_b48dfeecce829811b780c5d28_0abd67fc06\" type=\"text\" value=\"\" \/><\/div>\n<div class=\"clear\"><input id=\"mc-embedded-subscribe\" class=\"button\" name=\"subscribe\" type=\"submit\" value=\"Subscribe\" \/><\/div>\n<\/div>\n<\/form>\n<\/div>\n<p><!--End mc_embed_signup--><\/p>\n","protected":false},"excerpt":{"rendered":"<p>&nbsp; H\u00e4r skickar jag ut information om evenemang, nya botaniska produkter, v\u00e4xter i plantskolan och mycket annat! Prenumerera p\u00e5 Nyhetsbrev<\/p>\n","protected":false},"author":1,"featured_media":0,"parent":0,"menu_order":0,"comment_status":"closed","ping_status":"closed","template":"","meta":[],"_links":{"self":[{"href":"https:\/\/www.sofiesweger.com\/index.php?rest_route=\/wp\/v2\/pages\/634"}],"collection":[{"href":"https:\/\/www.sofiesweger.com\/index.php?rest_route=\/wp\/v2\/pages"}],"about":[{"href":"https:\/\/www.sofiesweger.com\/index.php?rest_route=\/wp\/v2\/types\/page"}],"author":[{"embeddable":true,"href":"https:\/\/www.sofiesweger.com\/index.php?rest_route=\/wp\/v2\/users\/1"}],"replies":[{"embeddable":true,"href":"https:\/\/www.sofiesweger.com\/index.php?rest_route=%2Fwp%2Fv2%2Fcomments&post=634"}],"version-history":[{"count":4,"href":"https:\/\/www.sofiesweger.com\/index.php?rest_route=\/wp\/v2\/pages\/634\/revisions"}],"predecessor-version":[{"id":980,"href":"https:\/\/www.sofiesweger.com\/index.php?rest_route=\/wp\/v2\/pages\/634\/revisions\/980"}],"wp:attachment":[{"href":"https:\/\/www.sofiesweger.com\/index.php?rest_route=%2Fwp%2Fv2%2Fmedia&parent=634"}],"curies":[{"name":"wp","href":"https:\/\/api.w.org\/{rel}","templated":true}]}}