{"id":633,"date":"2018-03-01T15:25:57","date_gmt":"2018-03-01T14:25:57","guid":{"rendered":"https:\/\/www.sofiesweger.com\/?page_id=633"},"modified":"2025-12-18T10:10:02","modified_gmt":"2025-12-18T09:10:02","slug":"evenemang","status":"publish","type":"page","link":"https:\/\/www.sofiesweger.com\/?page_id=633","title":{"rendered":"Evenemang"},"content":{"rendered":"<h1>Julmarknad p\u00e5 f\u00f6rsta advent 30 november 2025 kl 10-16, Hammenh\u00f6gsv\u00e4gen 54. V\u00e4lkomna!<\/h1>\n<p><a href=\"https:\/\/www.sofiesweger.com\/wp-content\/uploads\/2025\/12\/julmarknad_jonna-scaled.jpeg\"><img loading=\"lazy\" class=\"alignleft size-medium wp-image-958\" src=\"https:\/\/www.sofiesweger.com\/wp-content\/uploads\/2025\/12\/julmarknad_jonna-300x225.jpeg\" alt=\"\" width=\"300\" height=\"225\" srcset=\"https:\/\/www.sofiesweger.com\/wp-content\/uploads\/2025\/12\/julmarknad_jonna-300x225.jpeg 300w, https:\/\/www.sofiesweger.com\/wp-content\/uploads\/2025\/12\/julmarknad_jonna-1024x768.jpeg 1024w, https:\/\/www.sofiesweger.com\/wp-content\/uploads\/2025\/12\/julmarknad_jonna-768x576.jpeg 768w, https:\/\/www.sofiesweger.com\/wp-content\/uploads\/2025\/12\/julmarknad_jonna-1536x1152.jpeg 1536w, https:\/\/www.sofiesweger.com\/wp-content\/uploads\/2025\/12\/julmarknad_jonna-2048x1536.jpeg 2048w, https:\/\/www.sofiesweger.com\/wp-content\/uploads\/2025\/12\/julmarknad_jonna-350x263.jpeg 350w\" sizes=\"(max-width: 300px) 100vw, 300px\" \/><\/a><\/p>\n<h1>H\u00f6stmarknad i \u00d6stra Hoby 13 sept 2025, kl 10-13. V\u00e4lkomna!<\/h1>\n<p><a href=\"https:\/\/www.sofiesweger.com\/wp-content\/uploads\/2025\/12\/Hostmarknad-2025-scaled.jpg\"><img loading=\"lazy\" class=\"alignleft size-medium wp-image-957\" src=\"https:\/\/www.sofiesweger.com\/wp-content\/uploads\/2025\/12\/Hostmarknad-2025-225x300.jpg\" alt=\"\" width=\"225\" height=\"300\" srcset=\"https:\/\/www.sofiesweger.com\/wp-content\/uploads\/2025\/12\/Hostmarknad-2025-225x300.jpg 225w, https:\/\/www.sofiesweger.com\/wp-content\/uploads\/2025\/12\/Hostmarknad-2025-767x1024.jpg 767w, https:\/\/www.sofiesweger.com\/wp-content\/uploads\/2025\/12\/Hostmarknad-2025-768x1025.jpg 768w, https:\/\/www.sofiesweger.com\/wp-content\/uploads\/2025\/12\/Hostmarknad-2025-1151x1536.jpg 1151w, https:\/\/www.sofiesweger.com\/wp-content\/uploads\/2025\/12\/Hostmarknad-2025-1535x2048.jpg 1535w, https:\/\/www.sofiesweger.com\/wp-content\/uploads\/2025\/12\/Hostmarknad-2025-350x467.jpg 350w, https:\/\/www.sofiesweger.com\/wp-content\/uploads\/2025\/12\/Hostmarknad-2025-scaled.jpg 1919w\" sizes=\"(max-width: 225px) 100vw, 225px\" \/><\/a><\/p>\n<h1>V\u00e4xtloppis hos i V\u00e5tt o Torrt den 1 juni 2025, \u00d6stra Ingelstad kl 10-14. V\u00e4lkomna!<\/h1>\n<p><a href=\"https:\/\/www.sofiesweger.com\/wp-content\/uploads\/2025\/12\/vaxtloppis_vattotorrt-scaled.jpeg\"><img loading=\"lazy\" class=\"alignleft size-medium wp-image-956\" src=\"https:\/\/www.sofiesweger.com\/wp-content\/uploads\/2025\/12\/vaxtloppis_vattotorrt-300x225.jpeg\" alt=\"\" width=\"300\" height=\"225\" srcset=\"https:\/\/www.sofiesweger.com\/wp-content\/uploads\/2025\/12\/vaxtloppis_vattotorrt-300x225.jpeg 300w, https:\/\/www.sofiesweger.com\/wp-content\/uploads\/2025\/12\/vaxtloppis_vattotorrt-1024x768.jpeg 1024w, https:\/\/www.sofiesweger.com\/wp-content\/uploads\/2025\/12\/vaxtloppis_vattotorrt-768x576.jpeg 768w, https:\/\/www.sofiesweger.com\/wp-content\/uploads\/2025\/12\/vaxtloppis_vattotorrt-1536x1152.jpeg 1536w, https:\/\/www.sofiesweger.com\/wp-content\/uploads\/2025\/12\/vaxtloppis_vattotorrt-2048x1536.jpeg 2048w, https:\/\/www.sofiesweger.com\/wp-content\/uploads\/2025\/12\/vaxtloppis_vattotorrt-350x263.jpeg 350w\" sizes=\"(max-width: 300px) 100vw, 300px\" \/><\/a><\/p>\n<h1>V\u00e5rmarknad i \u00d6stra Hoby 3 maj, kl. 10-14. V\u00e4lkomna!<\/h1>\n<p><a href=\"https:\/\/www.sofiesweger.com\/wp-content\/uploads\/2025\/12\/Varmarknad-2025-A4.jpg\"><img loading=\"lazy\" class=\"alignleft size-medium wp-image-955\" src=\"https:\/\/www.sofiesweger.com\/wp-content\/uploads\/2025\/12\/Varmarknad-2025-A4-225x300.jpg\" alt=\"\" width=\"225\" height=\"300\" srcset=\"https:\/\/www.sofiesweger.com\/wp-content\/uploads\/2025\/12\/Varmarknad-2025-A4-225x300.jpg 225w, https:\/\/www.sofiesweger.com\/wp-content\/uploads\/2025\/12\/Varmarknad-2025-A4-768x1025.jpg 768w, https:\/\/www.sofiesweger.com\/wp-content\/uploads\/2025\/12\/Varmarknad-2025-A4-1151x1536.jpg 1151w, https:\/\/www.sofiesweger.com\/wp-content\/uploads\/2025\/12\/Varmarknad-2025-A4-350x467.jpg 350w, https:\/\/www.sofiesweger.com\/wp-content\/uploads\/2025\/12\/Varmarknad-2025-A4.jpg 1535w\" sizes=\"(max-width: 225px) 100vw, 225px\" \/><\/a><\/p>\n<h1>Sk\u00f6rdemarknad p\u00e5 Angelikas g\u00e5rd 21-22 sept 2024, kl 11-17. Norra Bj\u00f6rstorp. V\u00e4lkomna!<\/h1>\n<p><a href=\"https:\/\/www.sofiesweger.com\/wp-content\/uploads\/2024\/09\/skordemarknad_angelikas.jpeg\"><img loading=\"lazy\" class=\"alignleft size-large wp-image-946\" src=\"https:\/\/www.sofiesweger.com\/wp-content\/uploads\/2024\/09\/skordemarknad_angelikas-1024x536.jpeg\" alt=\"\" width=\"525\" height=\"275\" srcset=\"https:\/\/www.sofiesweger.com\/wp-content\/uploads\/2024\/09\/skordemarknad_angelikas-1024x536.jpeg 1024w, https:\/\/www.sofiesweger.com\/wp-content\/uploads\/2024\/09\/skordemarknad_angelikas-300x157.jpeg 300w, https:\/\/www.sofiesweger.com\/wp-content\/uploads\/2024\/09\/skordemarknad_angelikas-768x402.jpeg 768w, https:\/\/www.sofiesweger.com\/wp-content\/uploads\/2024\/09\/skordemarknad_angelikas-1536x804.jpeg 1536w, https:\/\/www.sofiesweger.com\/wp-content\/uploads\/2024\/09\/skordemarknad_angelikas-350x183.jpeg 350w, https:\/\/www.sofiesweger.com\/wp-content\/uploads\/2024\/09\/skordemarknad_angelikas.jpeg 2048w\" sizes=\"(max-width: 525px) 100vw, 525px\" \/><\/a><\/p>\n<h1>Deltar p\u00e5 v\u00e5rmarknad i \u00d6stra Hoby 11 maj, 2024 kl 11-15 med tomat- och chiliplantor och diverse botaniska produkter. Varmt v\u00e4lkomna!<\/h1>\n<p><a href=\"https:\/\/www.sofiesweger.com\/wp-content\/uploads\/2024\/04\/Varmarknad-affisch-2023.png\"><img loading=\"lazy\" class=\"alignleft size-medium wp-image-924\" src=\"https:\/\/www.sofiesweger.com\/wp-content\/uploads\/2024\/04\/Varmarknad-affisch-2023-225x300.png\" alt=\"\" width=\"225\" height=\"300\" srcset=\"https:\/\/www.sofiesweger.com\/wp-content\/uploads\/2024\/04\/Varmarknad-affisch-2023-225x300.png 225w, https:\/\/www.sofiesweger.com\/wp-content\/uploads\/2024\/04\/Varmarknad-affisch-2023-350x467.png 350w, https:\/\/www.sofiesweger.com\/wp-content\/uploads\/2024\/04\/Varmarknad-affisch-2023-767x1024.png 767w, https:\/\/www.sofiesweger.com\/wp-content\/uploads\/2024\/04\/Varmarknad-affisch-2023-768x1025.png 768w, https:\/\/www.sofiesweger.com\/wp-content\/uploads\/2024\/04\/Varmarknad-affisch-2023-1151x1536.png 1151w, https:\/\/www.sofiesweger.com\/wp-content\/uploads\/2024\/04\/Varmarknad-affisch-2023-1535x2048.png 1535w\" sizes=\"(max-width: 225px) 100vw, 225px\" \/><\/a><\/p>\n<h1>V\u00e4xtriket deltar p\u00e5 Julmarknad den 3.12, 2023 \u00a0p\u00e5 Hammenh\u00f6gsv\u00e4gen 54 kl. 10-16. Varmt v\u00e4lkomna!<\/h1>\n<p><a href=\"https:\/\/www.sofiesweger.com\/wp-content\/uploads\/2023\/11\/julmarknad_3_12_23.jpg\"><img loading=\"lazy\" class=\"alignleft size-medium wp-image-915\" src=\"https:\/\/www.sofiesweger.com\/wp-content\/uploads\/2023\/11\/julmarknad_3_12_23-225x300.jpg\" alt=\"\" width=\"225\" height=\"300\" srcset=\"https:\/\/www.sofiesweger.com\/wp-content\/uploads\/2023\/11\/julmarknad_3_12_23-225x300.jpg 225w, https:\/\/www.sofiesweger.com\/wp-content\/uploads\/2023\/11\/julmarknad_3_12_23-350x467.jpg 350w, https:\/\/www.sofiesweger.com\/wp-content\/uploads\/2023\/11\/julmarknad_3_12_23-768x1024.jpg 768w, https:\/\/www.sofiesweger.com\/wp-content\/uploads\/2023\/11\/julmarknad_3_12_23.jpg 828w\" sizes=\"(max-width: 225px) 100vw, 225px\" \/><\/a><\/p>\n<h1>Deltar p\u00e5 H\u00f6stmarknad i \u00d6stra Hoby den 9 september, 2023 \u00a0kl. 11-15<\/h1>\n<p><a href=\"https:\/\/www.sofiesweger.com\/wp-content\/uploads\/2024\/04\/Hostmarknad-2023-skiss.jpg\"><img loading=\"lazy\" class=\"alignleft size-medium wp-image-921\" src=\"https:\/\/www.sofiesweger.com\/wp-content\/uploads\/2024\/04\/Hostmarknad-2023-skiss-225x300.jpg\" alt=\"\" width=\"225\" height=\"300\" srcset=\"https:\/\/www.sofiesweger.com\/wp-content\/uploads\/2024\/04\/Hostmarknad-2023-skiss-225x300.jpg 225w, https:\/\/www.sofiesweger.com\/wp-content\/uploads\/2024\/04\/Hostmarknad-2023-skiss-350x467.jpg 350w, https:\/\/www.sofiesweger.com\/wp-content\/uploads\/2024\/04\/Hostmarknad-2023-skiss.jpg 471w\" sizes=\"(max-width: 225px) 100vw, 225px\" \/><\/a><\/p>\n<h1>\u00d6ppen tr\u00e4dg\u00e5rd i V\u00e4xtriket 20-21 maj, 2023 kl. 11-16, \u00d6rums Norregata 22-15, L\u00f6derup<\/h1>\n<p><a href=\"https:\/\/www.sofiesweger.com\/wp-content\/uploads\/2024\/04\/Oppen-tradgard-20-21-maj.pdf\">Oppen tradgard i V\u00e4xtriket 20-21 maj<\/a><\/p>\n<h1>Deltar p\u00e5 V\u00e5rmarknad i \u00d6stra Hoby den 6 maj, 2023 \u00a0kl. 11-15 med tomat, chili och kryddplantor \u00a0samt botaniska produkter. Varmt v\u00e4lkomna!<\/h1>\n<h1><a href=\"https:\/\/www.sofiesweger.com\/wp-content\/uploads\/2024\/04\/Varmarknad-facebook-scaled.jpg\"><img loading=\"lazy\" class=\"alignleft size-medium wp-image-919\" src=\"https:\/\/www.sofiesweger.com\/wp-content\/uploads\/2024\/04\/Varmarknad-facebook-225x300.jpg\" alt=\"\" width=\"225\" height=\"300\" srcset=\"https:\/\/www.sofiesweger.com\/wp-content\/uploads\/2024\/04\/Varmarknad-facebook-225x300.jpg 225w, https:\/\/www.sofiesweger.com\/wp-content\/uploads\/2024\/04\/Varmarknad-facebook-scaled-350x467.jpg 350w, https:\/\/www.sofiesweger.com\/wp-content\/uploads\/2024\/04\/Varmarknad-facebook-768x1025.jpg 768w, https:\/\/www.sofiesweger.com\/wp-content\/uploads\/2024\/04\/Varmarknad-facebook-1151x1536.jpg 1151w, https:\/\/www.sofiesweger.com\/wp-content\/uploads\/2024\/04\/Varmarknad-facebook-1535x2048.jpg 1535w, https:\/\/www.sofiesweger.com\/wp-content\/uploads\/2024\/04\/Varmarknad-facebook-scaled.jpg 1919w\" sizes=\"(max-width: 225px) 100vw, 225px\" \/><\/a><\/h1>\n<h1>V\u00e4xthuset s\u00e4ljer sina botaniska produkter p\u00e5 Fairys &amp; Friends &#8211; ett medlemsbaserat eko-kooperativ i Kivik. Invigning under sk\u00f6rdemarknad p\u00e5 \u00d6sterlen.<\/h1>\n<p><strong>Datum: fr.o.m.\u00a0<\/strong>24.9 2022 &#8211; tillsvidare\u00a0<strong>Plats:<\/strong>\u00a0Fairys and Friends, Kivik (Cake cowboys gamla lokaler).<\/p>\n<p><a href=\"https:\/\/www.sofiesweger.com\/wp-content\/uploads\/2022\/10\/fairys-and-friends.jpg\"><img loading=\"lazy\" class=\"alignleft size-medium wp-image-902\" src=\"https:\/\/www.sofiesweger.com\/wp-content\/uploads\/2022\/10\/fairys-and-friends-300x225.jpg\" alt=\"\" width=\"300\" height=\"225\" srcset=\"https:\/\/www.sofiesweger.com\/wp-content\/uploads\/2022\/10\/fairys-and-friends-300x225.jpg 300w, https:\/\/www.sofiesweger.com\/wp-content\/uploads\/2022\/10\/fairys-and-friends-350x263.jpg 350w, https:\/\/www.sofiesweger.com\/wp-content\/uploads\/2022\/10\/fairys-and-friends-1024x768.jpg 1024w, https:\/\/www.sofiesweger.com\/wp-content\/uploads\/2022\/10\/fairys-and-friends-768x576.jpg 768w, https:\/\/www.sofiesweger.com\/wp-content\/uploads\/2022\/10\/fairys-and-friends-1536x1152.jpg 1536w, https:\/\/www.sofiesweger.com\/wp-content\/uploads\/2022\/10\/fairys-and-friends.jpg 2016w\" sizes=\"(max-width: 300px) 100vw, 300px\" \/><\/a><\/p>\n<h1>V\u00e4xthuset deltar med botaniska produkter p\u00e5 4:e adventsmarknad p\u00e5 St Olofs G\u00e5rd och K\u00e4lla<\/h1>\n<p><strong>Tid<\/strong>\u00a0s\u00f6n 19 dec 2021 \u00a0kl. 12-15:30 \u00a0<strong>Plats <\/strong>St Olofs g\u00e5rd, St Olof.<\/p>\n<p><a href=\"https:\/\/www.sofiesweger.com\/wp-content\/uploads\/2021\/12\/Julmarknad19dec.jpg\"><img loading=\"lazy\" class=\"alignleft size-medium wp-image-883\" src=\"https:\/\/www.sofiesweger.com\/wp-content\/uploads\/2021\/12\/Julmarknad19dec-300x212.jpg\" alt=\"\" width=\"300\" height=\"212\" srcset=\"https:\/\/www.sofiesweger.com\/wp-content\/uploads\/2021\/12\/Julmarknad19dec-300x212.jpg 300w, https:\/\/www.sofiesweger.com\/wp-content\/uploads\/2021\/12\/Julmarknad19dec-350x248.jpg 350w, https:\/\/www.sofiesweger.com\/wp-content\/uploads\/2021\/12\/Julmarknad19dec-1024x724.jpg 1024w, https:\/\/www.sofiesweger.com\/wp-content\/uploads\/2021\/12\/Julmarknad19dec-768x543.jpg 768w, https:\/\/www.sofiesweger.com\/wp-content\/uploads\/2021\/12\/Julmarknad19dec.jpg 1192w\" sizes=\"(max-width: 300px) 100vw, 300px\" \/><\/a><\/p>\n<h1>V\u00e4xthuset deltar som producent p\u00e5 invigningen av REKO-ring Norra Bj\u00f6rstorp!<\/h1>\n<p><strong>Tid<\/strong>\u00a0l\u00f6r 4 juli 2020\u00a0 kl. 12-14\u00a0<strong>Plats <\/strong>Lokalf\u00f6reningen, Norra Bj\u00f6rstorp<\/p>\n<p>G\u00e5 med i facebookgruppen <a href=\"https:\/\/www.facebook.com\/groups\/654580491762289\/\" target=\"_blank\" rel=\"noopener\">REKO-ring Norra Bj\u00f6rstorp<\/a> du med s\u00e5 att du kan best\u00e4lla lokalproducerade gift- och kemikaliefritt odlade produkter och st\u00f6tta dina lokala odlare och producenter!<\/p>\n<p><a href=\"https:\/\/www.sofiesweger.com\/wp-content\/uploads\/2020\/06\/Reko_bild.jpg\"><img loading=\"lazy\" class=\"alignleft size-medium wp-image-760\" src=\"https:\/\/www.sofiesweger.com\/wp-content\/uploads\/2020\/06\/Reko_bild-300x262.jpg\" alt=\"\" width=\"300\" height=\"262\" srcset=\"https:\/\/www.sofiesweger.com\/wp-content\/uploads\/2020\/06\/Reko_bild-300x262.jpg 300w, https:\/\/www.sofiesweger.com\/wp-content\/uploads\/2020\/06\/Reko_bild-350x306.jpg 350w, https:\/\/www.sofiesweger.com\/wp-content\/uploads\/2020\/06\/Reko_bild-768x672.jpg 768w, https:\/\/www.sofiesweger.com\/wp-content\/uploads\/2020\/06\/Reko_bild-1024x896.jpg 1024w, https:\/\/www.sofiesweger.com\/wp-content\/uploads\/2020\/06\/Reko_bild.jpg 2006w\" sizes=\"(max-width: 300px) 100vw, 300px\" \/><\/a><\/p>\n<h1>V\u00e4xthuset \u00f6ppnar f\u00f6r s\u00e4songen till Kristhimmelsf\u00e4rd!<\/h1>\n<p><strong>Tid<\/strong> 21- 24 maj 2020\u00a0 kl. 12-16 <strong>Plats <\/strong>V\u00e4xthuset, \u00d6rum.<\/p>\n<p>Varmt v\u00e4lkomna till V\u00e4xthuset som \u00f6ppnar f\u00f6r s\u00e4songen till Kristihimmelsf\u00e4rd med f\u00f6rs\u00e4ljning av \u00e5rets tomatplantor och en och annan chili ?\u2600\ufe0f. Sorter som Moon glow, Ukrainian purple, Marmande, Amana Orange, Bloody butcher mfl. mfl. 40:-\/styck eller 3 f\u00f6r 100:-<br \/>\n\u00c4ven tinkturer och blomsteressenser kommer finnas till f\u00f6rs\u00e4ljning.<\/p>\n<p>Max 3 personer i V\u00e4xthuset \u00e5t g\u00e5ngen! Gott om plats i tr\u00e4dg\u00e5rden att h\u00e5lla avst\u00e5nd.<\/p>\n<p><a href=\"https:\/\/www.sofiesweger.com\/wp-content\/uploads\/2020\/05\/o\u0308ppet.jpg\"><img loading=\"lazy\" class=\"alignleft size-medium wp-image-757\" src=\"https:\/\/www.sofiesweger.com\/wp-content\/uploads\/2020\/05\/o\u0308ppet-300x225.jpg\" alt=\"\" width=\"300\" height=\"225\" srcset=\"https:\/\/www.sofiesweger.com\/wp-content\/uploads\/2020\/05\/o\u0308ppet-300x225.jpg 300w, https:\/\/www.sofiesweger.com\/wp-content\/uploads\/2020\/05\/o\u0308ppet-350x263.jpg 350w, https:\/\/www.sofiesweger.com\/wp-content\/uploads\/2020\/05\/o\u0308ppet-768x576.jpg 768w, https:\/\/www.sofiesweger.com\/wp-content\/uploads\/2020\/05\/o\u0308ppet.jpg 960w\" sizes=\"(max-width: 300px) 100vw, 300px\" \/><\/a><\/p>\n<h1>H\u00f6stdagj\u00e4mning och \u00f6ppet hus i V\u00e4xthuset!<\/h1>\n<p><strong>Tid<\/strong> 23 sept kl. 12-16 <strong>Plats <\/strong>V\u00e4xthuset, \u00d6rum.<\/p>\n<p>V\u00e4lkommen till en stunds samvaro och s\u00e4songsavslutning i V\u00e4xthuset! Bekanta dig med sommarens tinkturer p\u00e5 l\u00e4kev\u00e4xter som Hj\u00e4rtstilla, Helig basilika, Johannes\u00f6rt, Rosenrot, Valeriana, Mal\u00f6rt och R\u00f6d solhatt samt blomsteressenser p\u00e5 K\u00f6rsb\u00e4r, Hagtorn och L\u00e4kemalva. \u00c4ven f\u00e4rska chilisar, plantor av finsk libbsticka, passionsblomma, helig basilika, pelargoner m.m till salu.<\/p>\n<p><a href=\"https:\/\/www.sofiesweger.com\/wp-content\/uploads\/2018\/10\/ho\u0308stdagja\u0308mning.jpg\"><img loading=\"lazy\" class=\"alignleft size-medium wp-image-730\" src=\"https:\/\/www.sofiesweger.com\/wp-content\/uploads\/2018\/10\/ho\u0308stdagja\u0308mning-300x225.jpg\" alt=\"\" width=\"300\" height=\"225\" srcset=\"https:\/\/www.sofiesweger.com\/wp-content\/uploads\/2018\/10\/ho\u0308stdagja\u0308mning-300x225.jpg 300w, https:\/\/www.sofiesweger.com\/wp-content\/uploads\/2018\/10\/ho\u0308stdagja\u0308mning-350x263.jpg 350w, https:\/\/www.sofiesweger.com\/wp-content\/uploads\/2018\/10\/ho\u0308stdagja\u0308mning-768x576.jpg 768w, https:\/\/www.sofiesweger.com\/wp-content\/uploads\/2018\/10\/ho\u0308stdagja\u0308mning-1024x768.jpg 1024w, https:\/\/www.sofiesweger.com\/wp-content\/uploads\/2018\/10\/ho\u0308stdagja\u0308mning.jpg 1632w\" sizes=\"(max-width: 300px) 100vw, 300px\" \/><\/a><\/p>\n<h1>V\u00e4lkommen till en eftermiddag i fr\u00f6s\u00e5ddens tecken!<\/h1>\n<p><strong>Tid:<\/strong> 8 april kl. 14-16, <strong>Plats:<\/strong> V\u00e4xthuset, \u00d6rum.<\/p>\n<p><strong>Kostnad:<\/strong> 180:-\u00a0 inkl. fika och material (medlemmar 160:-).<\/p>\n<p>L\u00e4r dig mer om fr\u00f6odling och s\u00e4tt en egen s\u00e5l\u00e5da med favoriter f\u00f6r s\u00e4songen.\u00a0Du v\u00e4ljer ut en samling v\u00e4xter som du har lust att\u00a0 odla\u00a0 och s\u00e4tter en s\u00e5l\u00e5da som du sen tar med dig hem. Jag tillhandah\u00e5ller sp\u00e4nnande fr\u00f6er\u00a0 att v\u00e4lja fr\u00e5n f\u00f6r den som \u00f6nskar (tomat, chili, blommor, \u00f6rter m.m) eller s\u00e5 har du egna fr\u00f6er\u00a0 som du tar med dig.<\/p>\n<p>Jag ber\u00e4ttar lite om varf\u00f6r jag fr\u00f6s\u00e5r s\u00e5 gott som alla v\u00e4xter jag odlar och om vad som kan vara viktigt att t\u00e4nka p\u00e5 vid s\u00e5dd av olika v\u00e4xter och vid omskolning. Vi delar tips och fr\u00e5gor, fikar och njuter av stunden! (Max 6 personer)<\/p>\n<p><a href=\"mailto:sofie@sofiesweger.com\" target=\"_blank\" rel=\"noopener\">Anm\u00e4l dig h\u00e4r<\/a><\/p>\n<p><a href=\"https:\/\/www.sofiesweger.com\/wp-content\/uploads\/2018\/03\/Moonglow_sa\u030add.jpeg\"><img loading=\"lazy\" class=\"alignleft wp-image-699 size-medium\" src=\"https:\/\/www.sofiesweger.com\/wp-content\/uploads\/2018\/03\/Moonglow_sa\u030add-300x225.jpeg\" alt=\"\" width=\"300\" height=\"225\" srcset=\"https:\/\/www.sofiesweger.com\/wp-content\/uploads\/2018\/03\/Moonglow_sa\u030add-300x225.jpeg 300w, https:\/\/www.sofiesweger.com\/wp-content\/uploads\/2018\/03\/Moonglow_sa\u030add-350x263.jpeg 350w, https:\/\/www.sofiesweger.com\/wp-content\/uploads\/2018\/03\/Moonglow_sa\u030add-768x576.jpeg 768w, https:\/\/www.sofiesweger.com\/wp-content\/uploads\/2018\/03\/Moonglow_sa\u030add-1024x768.jpeg 1024w, https:\/\/www.sofiesweger.com\/wp-content\/uploads\/2018\/03\/Moonglow_sa\u030add.jpeg 1632w\" sizes=\"(max-width: 300px) 100vw, 300px\" \/><\/a> <a href=\"https:\/\/www.sofiesweger.com\/wp-content\/uploads\/2018\/03\/sa\u030add_kocka_tulsi.jpeg\"><img loading=\"lazy\" class=\"alignleft wp-image-700 size-medium\" src=\"https:\/\/www.sofiesweger.com\/wp-content\/uploads\/2018\/03\/sa\u030add_kocka_tulsi-300x225.jpeg\" alt=\"\" width=\"300\" height=\"225\" srcset=\"https:\/\/www.sofiesweger.com\/wp-content\/uploads\/2018\/03\/sa\u030add_kocka_tulsi-300x225.jpeg 300w, https:\/\/www.sofiesweger.com\/wp-content\/uploads\/2018\/03\/sa\u030add_kocka_tulsi-350x263.jpeg 350w, https:\/\/www.sofiesweger.com\/wp-content\/uploads\/2018\/03\/sa\u030add_kocka_tulsi-768x576.jpeg 768w, https:\/\/www.sofiesweger.com\/wp-content\/uploads\/2018\/03\/sa\u030add_kocka_tulsi-1024x768.jpeg 1024w, https:\/\/www.sofiesweger.com\/wp-content\/uploads\/2018\/03\/sa\u030add_kocka_tulsi.jpeg 1632w\" sizes=\"(max-width: 300px) 100vw, 300px\" \/><\/a><\/p>\n","protected":false},"excerpt":{"rendered":"<p>Julmarknad p\u00e5 f\u00f6rsta advent 30 november 2025 kl 10-16, Hammenh\u00f6gsv\u00e4gen 54. V\u00e4lkomna! H\u00f6stmarknad i \u00d6stra Hoby 13 sept 2025, kl 10-13. V\u00e4lkomna! V\u00e4xtloppis hos i V\u00e5tt o Torrt den 1 juni 2025, \u00d6stra Ingelstad kl 10-14. V\u00e4lkomna! V\u00e5rmarknad i \u00d6stra Hoby 3 maj, kl. 10-14. V\u00e4lkomna! Sk\u00f6rdemarknad p\u00e5 Angelikas g\u00e5rd 21-22 sept 2024, kl 11-17. &hellip; <\/p>\n<p class=\"link-more\"><a href=\"https:\/\/www.sofiesweger.com\/?page_id=633\" class=\"more-link\">Continue reading<span class=\"screen-reader-text\"> &#8220;Evenemang&#8221;<\/span><\/a><\/p>\n","protected":false},"author":1,"featured_media":0,"parent":0,"menu_order":0,"comment_status":"closed","ping_status":"closed","template":"","meta":[],"_links":{"self":[{"href":"https:\/\/www.sofiesweger.com\/index.php?rest_route=\/wp\/v2\/pages\/633"}],"collection":[{"href":"https:\/\/www.sofiesweger.com\/index.php?rest_route=\/wp\/v2\/pages"}],"about":[{"href":"https:\/\/www.sofiesweger.com\/index.php?rest_route=\/wp\/v2\/types\/page"}],"author":[{"embeddable":true,"href":"https:\/\/www.sofiesweger.com\/index.php?rest_route=\/wp\/v2\/users\/1"}],"replies":[{"embeddable":true,"href":"https:\/\/www.sofiesweger.com\/index.php?rest_route=%2Fwp%2Fv2%2Fcomments&post=633"}],"version-history":[{"count":3,"href":"https:\/\/www.sofiesweger.com\/index.php?rest_route=\/wp\/v2\/pages\/633\/revisions"}],"predecessor-version":[{"id":959,"href":"https:\/\/www.sofiesweger.com\/index.php?rest_route=\/wp\/v2\/pages\/633\/revisions\/959"}],"wp:attachment":[{"href":"https:\/\/www.sofiesweger.com\/index.php?rest_route=%2Fwp%2Fv2%2Fmedia&parent=633"}],"curies":[{"name":"wp","href":"https:\/\/api.w.org\/{rel}","templated":true}]}}