{"id":632,"date":"2018-03-01T15:25:57","date_gmt":"2018-03-01T14:25:57","guid":{"rendered":"https:\/\/www.sofiesweger.com\/?page_id=632"},"modified":"2024-06-19T20:08:48","modified_gmt":"2024-06-19T18:08:48","slug":"plantskola","status":"publish","type":"page","link":"https:\/\/www.sofiesweger.com\/?page_id=632","title":{"rendered":"Plantor"},"content":{"rendered":"<p><a href=\"https:\/\/www.sofiesweger.com\/wp-content\/uploads\/2024\/06\/chili_2022.jpg\"><img loading=\"lazy\" class=\"alignleft size-large wp-image-941\" src=\"https:\/\/www.sofiesweger.com\/wp-content\/uploads\/2024\/06\/chili_2022-1024x768.jpg\" alt=\"\" width=\"525\" height=\"394\" srcset=\"https:\/\/www.sofiesweger.com\/wp-content\/uploads\/2024\/06\/chili_2022-1024x768.jpg 1024w, https:\/\/www.sofiesweger.com\/wp-content\/uploads\/2024\/06\/chili_2022-300x225.jpg 300w, https:\/\/www.sofiesweger.com\/wp-content\/uploads\/2024\/06\/chili_2022-768x576.jpg 768w, https:\/\/www.sofiesweger.com\/wp-content\/uploads\/2024\/06\/chili_2022-1536x1152.jpg 1536w, https:\/\/www.sofiesweger.com\/wp-content\/uploads\/2024\/06\/chili_2022-350x263.jpg 350w, https:\/\/www.sofiesweger.com\/wp-content\/uploads\/2024\/06\/chili_2022.jpg 2016w\" sizes=\"(max-width: 525px) 100vw, 525px\" \/><\/a><a href=\"https:\/\/www.sofiesweger.com\/wp-content\/uploads\/2018\/10\/40318574_2150885535231895_6381637260810387456_n.jpg\"><br \/>\nS<\/a>ortlista f\u00f6r s\u00e4songen:<\/p>\n<p>Framf\u00f6rallt av lite ovanligare tomat- och chilisorter men \u00e4ven en del kryddv\u00e4xter.<\/p>\n<p><a href=\"https:\/\/www.sofiesweger.com\/wp-content\/uploads\/2023\/04\/sortlista_maj-2023.pdf\" target=\"_blank\" rel=\"noopener\">Sortlista 2023<\/a><\/p>\n<p><a href=\"https:\/\/www.sofiesweger.com\/wp-content\/uploads\/2022\/10\/sortlista_april-2022.pdf\" target=\"_blank\" rel=\"noopener\">Sortlista 2022<\/a><\/p>\n<p><a href=\"https:\/\/www.sofiesweger.com\/wp-content\/uploads\/2021\/05\/Sortlista-2021.pdf\">Sortlista 2021<\/a><\/p>\n<p><a href=\"https:\/\/www.sofiesweger.com\/wp-content\/uploads\/2020\/05\/Sortlista-_maj-2020.pdf\" target=\"_blank\" rel=\"noopener\">Sortlista maj 2020<\/a><\/p>\n<p><a href=\"https:\/\/www.sofiesweger.com\/wp-content\/uploads\/2019\/09\/sortlista-april-2019.pdf\" target=\"_blank\" rel=\"noopener\">Sortlista april 2019<\/a><\/p>\n<p><a href=\"https:\/\/www.sofiesweger.com\/wp-content\/uploads\/2018\/04\/Sortlista-april-2018.pdf\" target=\"_blank\" rel=\"noopener\">Sortlista april 2018<\/a><\/p>\n<p>&nbsp;<\/p>\n<p>&nbsp;<\/p>\n","protected":false},"excerpt":{"rendered":"<p>Sortlista f\u00f6r s\u00e4songen: Framf\u00f6rallt av lite ovanligare tomat- och chilisorter men \u00e4ven en del kryddv\u00e4xter. Sortlista 2023 Sortlista 2022 Sortlista 2021 Sortlista maj 2020 Sortlista april 2019 Sortlista april 2018 &nbsp; &nbsp;<\/p>\n","protected":false},"author":1,"featured_media":0,"parent":0,"menu_order":0,"comment_status":"closed","ping_status":"closed","template":"","meta":[],"_links":{"self":[{"href":"https:\/\/www.sofiesweger.com\/index.php?rest_route=\/wp\/v2\/pages\/632"}],"collection":[{"href":"https:\/\/www.sofiesweger.com\/index.php?rest_route=\/wp\/v2\/pages"}],"about":[{"href":"https:\/\/www.sofiesweger.com\/index.php?rest_route=\/wp\/v2\/types\/page"}],"author":[{"embeddable":true,"href":"https:\/\/www.sofiesweger.com\/index.php?rest_route=\/wp\/v2\/users\/1"}],"replies":[{"embeddable":true,"href":"https:\/\/www.sofiesweger.com\/index.php?rest_route=%2Fwp%2Fv2%2Fcomments&post=632"}],"version-history":[{"count":4,"href":"https:\/\/www.sofiesweger.com\/index.php?rest_route=\/wp\/v2\/pages\/632\/revisions"}],"predecessor-version":[{"id":944,"href":"https:\/\/www.sofiesweger.com\/index.php?rest_route=\/wp\/v2\/pages\/632\/revisions\/944"}],"wp:attachment":[{"href":"https:\/\/www.sofiesweger.com\/index.php?rest_route=%2Fwp%2Fv2%2Fmedia&parent=632"}],"curies":[{"name":"wp","href":"https:\/\/api.w.org\/{rel}","templated":true}]}}