{"id":631,"date":"2018-03-01T15:25:57","date_gmt":"2018-03-01T14:25:57","guid":{"rendered":"https:\/\/www.sofiesweger.com\/?page_id=631"},"modified":"2026-02-16T15:39:16","modified_gmt":"2026-02-16T14:39:16","slug":"apotek","status":"publish","type":"page","link":"https:\/\/www.sofiesweger.com\/","title":{"rendered":"Botaniska produkter"},"content":{"rendered":"<p><a href=\"https:\/\/www.sofiesweger.com\/wp-content\/uploads\/2026\/02\/botaniska_produkter_bild_beskuren.jpg\"><img loading=\"lazy\" class=\"alignleft size-full wp-image-982\" src=\"https:\/\/www.sofiesweger.com\/wp-content\/uploads\/2026\/02\/botaniska_produkter_bild_beskuren.jpg\" alt=\"\" width=\"727\" height=\"180\" srcset=\"https:\/\/www.sofiesweger.com\/wp-content\/uploads\/2026\/02\/botaniska_produkter_bild_beskuren.jpg 727w, https:\/\/www.sofiesweger.com\/wp-content\/uploads\/2026\/02\/botaniska_produkter_bild_beskuren-300x74.jpg 300w, https:\/\/www.sofiesweger.com\/wp-content\/uploads\/2026\/02\/botaniska_produkter_bild_beskuren-350x87.jpg 350w\" sizes=\"(max-width: 727px) 100vw, 727px\" \/><\/a><\/p>\n<p>&nbsp;<\/p>\n<p>Bygg upp ditt eget hemapotek med sm\u00e5skaligt producerade, rena, botaniska produkter i form av tinkturer, blomsteressenser, parfymoljor och en del hudv\u00e5rd. Jag odlar de flesta av de v\u00e4xter som jag anv\u00e4nder eller s\u00e5 v\u00e4xer de vilt i min tr\u00e4dg\u00e5rd. I enstaka fall k\u00f6per jag in fr\u00e5n andra odlare med en str\u00e4van att h\u00e5lla s\u00e5 h\u00f6g kvalitet som m\u00f6jligt. Varje \u00e5rstid och \u00e5r inspirerar till sitt unika sortiment.<\/p>\n<p>Klicka p\u00e5 listorna nedan f\u00f6r att se aktuellt sortiment:<\/p>\n<p><a href=\"https:\/\/www.sofiesweger.com\/wp-content\/uploads\/2026\/02\/Tinkturer_26.pdf\" target=\"_blank\" rel=\"noopener\">Tinkturer<\/a><\/p>\n<p><a href=\"https:\/\/www.sofiesweger.com\/wp-content\/uploads\/2026\/02\/Blomsteressenser_2026.pdf\" target=\"_blank\" rel=\"noopener\">Blomsteressenser<\/a><\/p>\n<p><a href=\"https:\/\/www.sofiesweger.com\/wp-content\/uploads\/2026\/02\/Parfymoljor_2026-1.pdf\" target=\"_blank\" rel=\"noopener\">Parfymoljor<\/a><\/p>\n<p>Det g\u00e5r bra att best\u00e4lla produkter genom att maila till: <a href=\"mailto:sofie@sofiesweger.com\" target=\"_blank\" rel=\"noopener\">sofie@sofiesweger.com<\/a><\/p>\n","protected":false},"excerpt":{"rendered":"<p>&nbsp; Bygg upp ditt eget hemapotek med sm\u00e5skaligt producerade, rena, botaniska produkter i form av tinkturer, blomsteressenser, parfymoljor och en del hudv\u00e5rd. Jag odlar de flesta av de v\u00e4xter som jag anv\u00e4nder eller s\u00e5 v\u00e4xer de vilt i min tr\u00e4dg\u00e5rd. I enstaka fall k\u00f6per jag in fr\u00e5n andra odlare med en str\u00e4van att h\u00e5lla s\u00e5 &hellip; <\/p>\n<p class=\"link-more\"><a href=\"https:\/\/www.sofiesweger.com\/\" class=\"more-link\">Continue reading<span class=\"screen-reader-text\"> &#8220;Botaniska produkter&#8221;<\/span><\/a><\/p>\n","protected":false},"author":1,"featured_media":0,"parent":0,"menu_order":0,"comment_status":"closed","ping_status":"closed","template":"","meta":[],"_links":{"self":[{"href":"https:\/\/www.sofiesweger.com\/index.php?rest_route=\/wp\/v2\/pages\/631"}],"collection":[{"href":"https:\/\/www.sofiesweger.com\/index.php?rest_route=\/wp\/v2\/pages"}],"about":[{"href":"https:\/\/www.sofiesweger.com\/index.php?rest_route=\/wp\/v2\/types\/page"}],"author":[{"embeddable":true,"href":"https:\/\/www.sofiesweger.com\/index.php?rest_route=\/wp\/v2\/users\/1"}],"replies":[{"embeddable":true,"href":"https:\/\/www.sofiesweger.com\/index.php?rest_route=%2Fwp%2Fv2%2Fcomments&post=631"}],"version-history":[{"count":4,"href":"https:\/\/www.sofiesweger.com\/index.php?rest_route=\/wp\/v2\/pages\/631\/revisions"}],"predecessor-version":[{"id":987,"href":"https:\/\/www.sofiesweger.com\/index.php?rest_route=\/wp\/v2\/pages\/631\/revisions\/987"}],"wp:attachment":[{"href":"https:\/\/www.sofiesweger.com\/index.php?rest_route=%2Fwp%2Fv2%2Fmedia&parent=631"}],"curies":[{"name":"wp","href":"https:\/\/api.w.org\/{rel}","templated":true}]}}