{"id":629,"date":"2018-03-01T15:25:57","date_gmt":"2018-03-01T14:25:57","guid":{"rendered":"https:\/\/www.sofiesweger.com\/?page_id=629"},"modified":"2026-02-13T13:12:47","modified_gmt":"2026-02-13T12:12:47","slug":"om","status":"publish","type":"page","link":"https:\/\/www.sofiesweger.com\/?page_id=629","title":{"rendered":"Om"},"content":{"rendered":"<p><a href=\"https:\/\/www.sofiesweger.com\/wp-content\/uploads\/2021\/01\/fullsizeoutput_19d-scaled.jpeg\"><img loading=\"lazy\" class=\"alignleft size-large wp-image-767\" src=\"https:\/\/www.sofiesweger.com\/wp-content\/uploads\/2021\/01\/fullsizeoutput_19d-1024x891.jpeg\" alt=\"\" width=\"525\" height=\"457\" srcset=\"https:\/\/www.sofiesweger.com\/wp-content\/uploads\/2021\/01\/fullsizeoutput_19d-1024x891.jpeg 1024w, https:\/\/www.sofiesweger.com\/wp-content\/uploads\/2021\/01\/fullsizeoutput_19d-350x304.jpeg 350w, https:\/\/www.sofiesweger.com\/wp-content\/uploads\/2021\/01\/fullsizeoutput_19d-300x261.jpeg 300w, https:\/\/www.sofiesweger.com\/wp-content\/uploads\/2021\/01\/fullsizeoutput_19d-768x668.jpeg 768w\" sizes=\"(max-width: 525px) 100vw, 525px\" \/><\/a><\/p>\n<p>&nbsp;<\/p>\n<p>V\u00e4xtrikets apotek drivs av Sofie Sweger och\u00a0 \u00e4r en plats f\u00f6r odling och l\u00e4kekonst p\u00e5 \u00d6sterlen sedan 2015. H\u00e4r bereder Sofie botaniska produkter i form av tinkturer, blomsteressenser, parfymoljor och en del hudv\u00e5rd. Hon odlar de flesta av de v\u00e4xter som hon anv\u00e4nder sj\u00e4lv eller s\u00e5 v\u00e4xer de vilt i hennes tr\u00e4dg\u00e5rd. I enstaka fall k\u00f6per hon v\u00e4xter och v\u00e4xtmaterial fr\u00e5n andra odlare, alltid med en str\u00e4van att\u00a0 h\u00e5lla s\u00e5 h\u00f6g kvalitet som m\u00f6jligt.<\/p>\n<p>Varje \u00e5rstid och \u00e5r inspirerar till sitt unika sortiment.<\/p>\n<p>Sofie \u00e4r utbildad inom naturmedicin och holistiska terapier genom utbildningar som Medicin fr\u00e5n det Vilda och Body Harmony. I hennes praktik ligger fokus fr\u00e4mst p\u00e5 v\u00e4xternas egna unika personligheter och energi egenskaper. P\u00e5 s\u00e5 s\u00e4tt \u00e4r v\u00e4xterna hennes fr\u00e4msta l\u00e4rare och den praktik av odling och beredning som hon h\u00e5ller p\u00e5 med den viktigaste skolan.<\/p>\n<p>Sofie \u00e4r \u00e4ven utbildad konstantropolog och har tidigare verkat som konstn\u00e4r.<\/p>\n<p>&nbsp;<\/p>\n<p style=\"text-align: left;\">\n","protected":false},"excerpt":{"rendered":"<p>&nbsp; V\u00e4xtrikets apotek drivs av Sofie Sweger och\u00a0 \u00e4r en plats f\u00f6r odling och l\u00e4kekonst p\u00e5 \u00d6sterlen sedan 2015. H\u00e4r bereder Sofie botaniska produkter i form av tinkturer, blomsteressenser, parfymoljor och en del hudv\u00e5rd. Hon odlar de flesta av de v\u00e4xter som hon anv\u00e4nder sj\u00e4lv eller s\u00e5 v\u00e4xer de vilt i hennes tr\u00e4dg\u00e5rd. I enstaka &hellip; <\/p>\n<p class=\"link-more\"><a href=\"https:\/\/www.sofiesweger.com\/?page_id=629\" class=\"more-link\">Continue reading<span class=\"screen-reader-text\"> &#8220;Om&#8221;<\/span><\/a><\/p>\n","protected":false},"author":1,"featured_media":0,"parent":0,"menu_order":0,"comment_status":"closed","ping_status":"closed","template":"","meta":[],"_links":{"self":[{"href":"https:\/\/www.sofiesweger.com\/index.php?rest_route=\/wp\/v2\/pages\/629"}],"collection":[{"href":"https:\/\/www.sofiesweger.com\/index.php?rest_route=\/wp\/v2\/pages"}],"about":[{"href":"https:\/\/www.sofiesweger.com\/index.php?rest_route=\/wp\/v2\/types\/page"}],"author":[{"embeddable":true,"href":"https:\/\/www.sofiesweger.com\/index.php?rest_route=\/wp\/v2\/users\/1"}],"replies":[{"embeddable":true,"href":"https:\/\/www.sofiesweger.com\/index.php?rest_route=%2Fwp%2Fv2%2Fcomments&post=629"}],"version-history":[{"count":4,"href":"https:\/\/www.sofiesweger.com\/index.php?rest_route=\/wp\/v2\/pages\/629\/revisions"}],"predecessor-version":[{"id":971,"href":"https:\/\/www.sofiesweger.com\/index.php?rest_route=\/wp\/v2\/pages\/629\/revisions\/971"}],"wp:attachment":[{"href":"https:\/\/www.sofiesweger.com\/index.php?rest_route=%2Fwp%2Fv2%2Fmedia&parent=629"}],"curies":[{"name":"wp","href":"https:\/\/api.w.org\/{rel}","templated":true}]}}